{"id":10,"date":"2024-01-13T00:15:21","date_gmt":"2024-01-12T23:15:21","guid":{"rendered":"http:\/\/typiaf.com\/?page_id=10"},"modified":"2024-01-15T15:54:28","modified_gmt":"2024-01-15T14:54:28","slug":"10-2","status":"publish","type":"page","link":"https:\/\/typiaf.com\/","title":{"rendered":""},"content":{"rendered":"\n<figure class=\"wp-block-image alignwide size-full\"><img loading=\"lazy\" decoding=\"async\" width=\"1417\" height=\"454\" src=\"https:\/\/typiaf.com\/wp-content\/uploads\/2024\/01\/bandeau-page-daccueil.jpg\" alt=\"\" class=\"wp-image-12\" srcset=\"https:\/\/typiaf.com\/wp-content\/uploads\/2024\/01\/bandeau-page-daccueil.jpg 1417w, https:\/\/typiaf.com\/wp-content\/uploads\/2024\/01\/bandeau-page-daccueil-300x96.jpg 300w, https:\/\/typiaf.com\/wp-content\/uploads\/2024\/01\/bandeau-page-daccueil-1024x328.jpg 1024w, https:\/\/typiaf.com\/wp-content\/uploads\/2024\/01\/bandeau-page-daccueil-768x246.jpg 768w\" sizes=\"auto, (max-width: 1417px) 100vw, 1417px\" \/><\/figure>\n\n\n\n<div style=\"height:100px\" aria-hidden=\"true\" class=\"wp-block-spacer\"><\/div>\n\n\n\n<figure class=\"wp-block-image size-large\"><img loading=\"lazy\" decoding=\"async\" width=\"1024\" height=\"92\" src=\"https:\/\/typiaf.com\/wp-content\/uploads\/2024\/01\/bandeau-decoration-1024x92.jpg\" alt=\"\" class=\"wp-image-291\" srcset=\"https:\/\/typiaf.com\/wp-content\/uploads\/2024\/01\/bandeau-decoration-1024x92.jpg 1024w, https:\/\/typiaf.com\/wp-content\/uploads\/2024\/01\/bandeau-decoration-300x27.jpg 300w, https:\/\/typiaf.com\/wp-content\/uploads\/2024\/01\/bandeau-decoration-768x69.jpg 768w, https:\/\/typiaf.com\/wp-content\/uploads\/2024\/01\/bandeau-decoration.jpg 1300w\" sizes=\"auto, (max-width: 1024px) 100vw, 1024px\" \/><\/figure>\n\n\n\n<div style=\"height:14px\" aria-hidden=\"true\" class=\"wp-block-spacer\"><\/div>\n\n\n\n<div class=\"wp-block-columns is-layout-flex wp-container-core-columns-is-layout-28f84493 wp-block-columns-is-layout-flex\">\n<div class=\"wp-block-column is-layout-flow wp-block-column-is-layout-flow\" style=\"flex-basis:175px\">\n<figure class=\"wp-block-image size-full is-resized\"><a href=\"https:\/\/typiaf.com\/?page_id=257\"><img loading=\"lazy\" decoding=\"async\" width=\"478\" height=\"850\" src=\"https:\/\/typiaf.com\/wp-content\/uploads\/2024\/01\/Toises-light.jpg\" alt=\"Toises\" class=\"wp-image-299\" style=\"width:175px;height:auto\" srcset=\"https:\/\/typiaf.com\/wp-content\/uploads\/2024\/01\/Toises-light.jpg 478w, https:\/\/typiaf.com\/wp-content\/uploads\/2024\/01\/Toises-light-169x300.jpg 169w\" sizes=\"auto, (max-width: 478px) 100vw, 478px\" \/><\/a><\/figure>\n<\/div>\n\n\n\n<div class=\"wp-block-column is-vertically-aligned-center is-layout-flow wp-block-column-is-layout-flow\">\n<figure class=\"wp-block-image size-full is-resized\"><a href=\"https:\/\/typiaf.com\/?page_id=129\"><img loading=\"lazy\" decoding=\"async\" width=\"968\" height=\"900\" src=\"https:\/\/typiaf.com\/wp-content\/uploads\/2024\/01\/coussin-accueil-2.jpg\" alt=\"Coussins\" class=\"wp-image-296\" style=\"width:215px;height:auto\" srcset=\"https:\/\/typiaf.com\/wp-content\/uploads\/2024\/01\/coussin-accueil-2.jpg 968w, https:\/\/typiaf.com\/wp-content\/uploads\/2024\/01\/coussin-accueil-2-300x279.jpg 300w, https:\/\/typiaf.com\/wp-content\/uploads\/2024\/01\/coussin-accueil-2-768x714.jpg 768w\" sizes=\"auto, (max-width: 968px) 100vw, 968px\" \/><\/a><\/figure>\n<\/div>\n\n\n\n<div class=\"wp-block-column is-vertically-aligned-center is-layout-flow wp-block-column-is-layout-flow\">\n<figure class=\"wp-block-image size-large\"><a href=\"https:\/\/typiaf.com\/?page_id=16\"><img loading=\"lazy\" decoding=\"async\" width=\"1024\" height=\"1017\" src=\"https:\/\/typiaf.com\/wp-content\/uploads\/2024\/01\/DSC00064-2-1024x1017.jpg\" alt=\"Lampes\" class=\"wp-image-36\" srcset=\"https:\/\/typiaf.com\/wp-content\/uploads\/2024\/01\/DSC00064-2-1024x1017.jpg 1024w, https:\/\/typiaf.com\/wp-content\/uploads\/2024\/01\/DSC00064-2-300x298.jpg 300w, https:\/\/typiaf.com\/wp-content\/uploads\/2024\/01\/DSC00064-2-150x150.jpg 150w, https:\/\/typiaf.com\/wp-content\/uploads\/2024\/01\/DSC00064-2-768x763.jpg 768w, https:\/\/typiaf.com\/wp-content\/uploads\/2024\/01\/DSC00064-2.jpg 1045w\" sizes=\"auto, (max-width: 1024px) 100vw, 1024px\" \/><\/a><\/figure>\n<\/div>\n<\/div>\n\n\n\n<div class=\"wp-block-group is-nowrap is-layout-flex wp-container-core-group-is-layout-6c531013 wp-block-group-is-layout-flex\">\n<figure class=\"wp-block-image size-full is-resized\"><a href=\"https:\/\/typiaf.com\/?page_id=257\"><img loading=\"lazy\" decoding=\"async\" width=\"150\" height=\"63\" src=\"https:\/\/typiaf.com\/wp-content\/uploads\/2024\/01\/titre-accueil-toise.jpg\" alt=\"\" class=\"wp-image-309\" style=\"width:150px\"\/><\/a><\/figure>\n\n\n\n<div style=\"height:100px;width:34px\" aria-hidden=\"true\" class=\"wp-block-spacer wp-container-content-6c24486e\"><\/div>\n\n\n\n<figure class=\"wp-block-image size-full is-resized\"><a href=\"https:\/\/typiaf.com\/?page_id=129\"><img loading=\"lazy\" decoding=\"async\" width=\"156\" height=\"63\" src=\"https:\/\/typiaf.com\/wp-content\/uploads\/2024\/01\/titre-accueil-coussin.jpg\" alt=\"\" class=\"wp-image-311\" style=\"width:156px\"\/><\/a><\/figure>\n\n\n\n<div style=\"height:100px;width:16px\" aria-hidden=\"true\" class=\"wp-block-spacer wp-container-content-f9bd05ee\"><\/div>\n\n\n\n<figure class=\"wp-block-image size-full is-resized\"><a href=\"https:\/\/typiaf.com\/?page_id=16\"><img loading=\"lazy\" decoding=\"async\" width=\"180\" height=\"58\" src=\"https:\/\/typiaf.com\/wp-content\/uploads\/2024\/01\/titre-accueil-lampe.jpg\" alt=\"\" class=\"wp-image-310\" style=\"width:180px\"\/><\/a><\/figure>\n<\/div>\n\n\n\n<div style=\"height:50px\" aria-hidden=\"true\" class=\"wp-block-spacer\"><\/div>\n\n\n\n<figure class=\"wp-block-image size-large\"><img loading=\"lazy\" decoding=\"async\" width=\"1024\" height=\"129\" src=\"https:\/\/typiaf.com\/wp-content\/uploads\/2024\/01\/bandeau-tote-bag-1024x129.jpg\" alt=\"\" class=\"wp-image-295\" srcset=\"https:\/\/typiaf.com\/wp-content\/uploads\/2024\/01\/bandeau-tote-bag-1024x129.jpg 1024w, https:\/\/typiaf.com\/wp-content\/uploads\/2024\/01\/bandeau-tote-bag-300x38.jpg 300w, https:\/\/typiaf.com\/wp-content\/uploads\/2024\/01\/bandeau-tote-bag-768x97.jpg 768w, https:\/\/typiaf.com\/wp-content\/uploads\/2024\/01\/bandeau-tote-bag.jpg 1300w\" sizes=\"auto, (max-width: 1024px) 100vw, 1024px\" \/><\/figure>\n\n\n\n<div class=\"wp-block-columns is-layout-flex wp-container-core-columns-is-layout-28f84493 wp-block-columns-is-layout-flex\">\n<div class=\"wp-block-column is-layout-flow wp-block-column-is-layout-flow\" style=\"flex-basis:275px\">\n<figure class=\"wp-block-image size-full\"><a href=\"https:\/\/typiaf.com\/?page_id=45\"><img loading=\"lazy\" decoding=\"async\" width=\"654\" height=\"717\" src=\"https:\/\/typiaf.com\/wp-content\/uploads\/2024\/01\/totebag-accueil-1.jpg\" alt=\"Tote bags\" class=\"wp-image-298\" srcset=\"https:\/\/typiaf.com\/wp-content\/uploads\/2024\/01\/totebag-accueil-1.jpg 654w, https:\/\/typiaf.com\/wp-content\/uploads\/2024\/01\/totebag-accueil-1-274x300.jpg 274w\" sizes=\"auto, (max-width: 654px) 100vw, 654px\" \/><\/a><\/figure>\n<\/div>\n\n\n\n<div class=\"wp-block-column is-layout-flow wp-block-column-is-layout-flow\" style=\"flex-basis:55px\"><\/div>\n\n\n\n<div class=\"wp-block-column is-layout-flow wp-block-column-is-layout-flow\" style=\"flex-basis:275px\">\n<figure class=\"wp-block-image size-full\"><a href=\"https:\/\/typiaf.com\/?page_id=45\"><img loading=\"lazy\" decoding=\"async\" width=\"649\" height=\"716\" src=\"https:\/\/typiaf.com\/wp-content\/uploads\/2024\/01\/totebi-accueil-1.jpg\" alt=\"Tote bags\" class=\"wp-image-297\" srcset=\"https:\/\/typiaf.com\/wp-content\/uploads\/2024\/01\/totebi-accueil-1.jpg 649w, https:\/\/typiaf.com\/wp-content\/uploads\/2024\/01\/totebi-accueil-1-272x300.jpg 272w\" sizes=\"auto, (max-width: 649px) 100vw, 649px\" \/><\/a><\/figure>\n<\/div>\n<\/div>\n\n\n\n<div style=\"height:14px\" aria-hidden=\"true\" class=\"wp-block-spacer\"><\/div>\n\n\n\n<figure class=\"wp-block-image aligncenter size-full is-resized\"><a href=\"https:\/\/typiaf.com\/?page_id=45\"><img loading=\"lazy\" decoding=\"async\" width=\"161\" height=\"56\" src=\"https:\/\/typiaf.com\/wp-content\/uploads\/2024\/01\/titre-accueil-tote-bag.jpg\" alt=\"\" class=\"wp-image-316\" style=\"width:161px\"\/><\/a><\/figure>\n\n\n\n<div style=\"height:50px\" aria-hidden=\"true\" class=\"wp-block-spacer\"><\/div>\n\n\n\n<figure class=\"wp-block-image size-large\"><img loading=\"lazy\" decoding=\"async\" width=\"1024\" height=\"146\" src=\"https:\/\/typiaf.com\/wp-content\/uploads\/2024\/01\/bandeau-t-shirt-1024x146.jpg\" alt=\"\" class=\"wp-image-293\" srcset=\"https:\/\/typiaf.com\/wp-content\/uploads\/2024\/01\/bandeau-t-shirt-1024x146.jpg 1024w, https:\/\/typiaf.com\/wp-content\/uploads\/2024\/01\/bandeau-t-shirt-300x43.jpg 300w, https:\/\/typiaf.com\/wp-content\/uploads\/2024\/01\/bandeau-t-shirt-768x109.jpg 768w, https:\/\/typiaf.com\/wp-content\/uploads\/2024\/01\/bandeau-t-shirt.jpg 1300w\" sizes=\"auto, (max-width: 1024px) 100vw, 1024px\" \/><\/figure>\n\n\n\n<div class=\"wp-block-columns is-layout-flex wp-container-core-columns-is-layout-28f84493 wp-block-columns-is-layout-flex\">\n<div class=\"wp-block-column is-layout-flow wp-block-column-is-layout-flow\">\n<figure class=\"wp-block-image size-full\"><a href=\"https:\/\/typiaf.com\/?page_id=149\"><img loading=\"lazy\" decoding=\"async\" width=\"869\" height=\"1021\" src=\"https:\/\/typiaf.com\/wp-content\/uploads\/2024\/01\/BZH1H-gris-1-1.jpg\" alt=\"T-shirt homme\" class=\"wp-image-328\" srcset=\"https:\/\/typiaf.com\/wp-content\/uploads\/2024\/01\/BZH1H-gris-1-1.jpg 869w, https:\/\/typiaf.com\/wp-content\/uploads\/2024\/01\/BZH1H-gris-1-1-255x300.jpg 255w, https:\/\/typiaf.com\/wp-content\/uploads\/2024\/01\/BZH1H-gris-1-1-768x902.jpg 768w\" sizes=\"auto, (max-width: 869px) 100vw, 869px\" \/><\/a><\/figure>\n<\/div>\n\n\n\n<div class=\"wp-block-column is-layout-flow wp-block-column-is-layout-flow\">\n<figure class=\"wp-block-image size-full\"><a href=\"https:\/\/typiaf.com\/?page_id=173\"><img loading=\"lazy\" decoding=\"async\" width=\"869\" height=\"1021\" src=\"https:\/\/typiaf.com\/wp-content\/uploads\/2024\/01\/V18F-Stedman-1-11.jpg\" alt=\"T-shirt femme\" class=\"wp-image-331\" srcset=\"https:\/\/typiaf.com\/wp-content\/uploads\/2024\/01\/V18F-Stedman-1-11.jpg 869w, https:\/\/typiaf.com\/wp-content\/uploads\/2024\/01\/V18F-Stedman-1-11-255x300.jpg 255w, https:\/\/typiaf.com\/wp-content\/uploads\/2024\/01\/V18F-Stedman-1-11-768x902.jpg 768w\" sizes=\"auto, (max-width: 869px) 100vw, 869px\" \/><\/a><\/figure>\n<\/div>\n\n\n\n<div class=\"wp-block-column is-layout-flow wp-block-column-is-layout-flow\">\n<figure class=\"wp-block-image size-full\"><a href=\"https:\/\/typiaf.com\/?page_id=179\"><img loading=\"lazy\" decoding=\"async\" width=\"869\" height=\"1021\" src=\"https:\/\/typiaf.com\/wp-content\/uploads\/2024\/01\/V20H-1-1.jpg\" alt=\"T-shirt enfant\" class=\"wp-image-329\" srcset=\"https:\/\/typiaf.com\/wp-content\/uploads\/2024\/01\/V20H-1-1.jpg 869w, https:\/\/typiaf.com\/wp-content\/uploads\/2024\/01\/V20H-1-1-255x300.jpg 255w, https:\/\/typiaf.com\/wp-content\/uploads\/2024\/01\/V20H-1-1-768x902.jpg 768w\" sizes=\"auto, (max-width: 869px) 100vw, 869px\" \/><\/a><\/figure>\n<\/div>\n<\/div>\n\n\n\n<div class=\"wp-block-group is-nowrap is-layout-flex wp-container-core-group-is-layout-6c531013 wp-block-group-is-layout-flex\">\n<div style=\"height:100px;width:34px\" aria-hidden=\"true\" class=\"wp-block-spacer wp-container-content-728072c3\"><\/div>\n\n\n\n<figure class=\"wp-block-image size-full is-resized\"><a href=\"https:\/\/typiaf.com\/?page_id=149\"><img loading=\"lazy\" decoding=\"async\" width=\"154\" height=\"61\" src=\"https:\/\/typiaf.com\/wp-content\/uploads\/2024\/01\/titre-accueil-TS-homme.jpg\" alt=\"\" class=\"wp-image-313\" style=\"width:154px\"\/><\/a><\/figure>\n\n\n\n<div style=\"height:100px;width:34px\" aria-hidden=\"true\" class=\"wp-block-spacer wp-container-content-6c24486e\"><\/div>\n\n\n\n<figure class=\"wp-block-image size-full is-resized\"><a href=\"https:\/\/typiaf.com\/?page_id=173\"><img loading=\"lazy\" decoding=\"async\" width=\"176\" height=\"56\" src=\"https:\/\/typiaf.com\/wp-content\/uploads\/2024\/01\/titre-accueil-TS-femme-1.jpg\" alt=\"\" class=\"wp-image-405\" style=\"width:175px\"\/><\/a><\/figure>\n\n\n\n<div style=\"height:100px;width:54px\" aria-hidden=\"true\" class=\"wp-block-spacer wp-container-content-075923e3\"><\/div>\n\n\n\n<figure class=\"wp-block-image size-full is-resized\"><a href=\"https:\/\/typiaf.com\/?page_id=179\"><img loading=\"lazy\" decoding=\"async\" width=\"160\" height=\"61\" src=\"https:\/\/typiaf.com\/wp-content\/uploads\/2024\/01\/titre-accueil-sweat-enfant.jpg\" alt=\"\" class=\"wp-image-315\" style=\"width:161px\"\/><\/a><\/figure>\n<\/div>\n\n\n\n<div style=\"height:50px\" aria-hidden=\"true\" class=\"wp-block-spacer\"><\/div>\n\n\n\n<figure class=\"wp-block-image size-large\"><img loading=\"lazy\" decoding=\"async\" width=\"1024\" height=\"110\" src=\"https:\/\/typiaf.com\/wp-content\/uploads\/2024\/01\/bandeau-sweat-1024x110.jpg\" alt=\"\" class=\"wp-image-294\" srcset=\"https:\/\/typiaf.com\/wp-content\/uploads\/2024\/01\/bandeau-sweat-1024x110.jpg 1024w, https:\/\/typiaf.com\/wp-content\/uploads\/2024\/01\/bandeau-sweat-300x32.jpg 300w, https:\/\/typiaf.com\/wp-content\/uploads\/2024\/01\/bandeau-sweat-768x83.jpg 768w, https:\/\/typiaf.com\/wp-content\/uploads\/2024\/01\/bandeau-sweat.jpg 1300w\" sizes=\"auto, (max-width: 1024px) 100vw, 1024px\" \/><\/figure>\n\n\n\n<div style=\"height:4px\" aria-hidden=\"true\" class=\"wp-block-spacer\"><\/div>\n\n\n\n<div class=\"wp-block-columns is-layout-flex wp-container-core-columns-is-layout-28f84493 wp-block-columns-is-layout-flex\">\n<div class=\"wp-block-column is-layout-flow wp-block-column-is-layout-flow\" style=\"flex-basis:250px\">\n<figure class=\"wp-block-image size-full\"><a href=\"https:\/\/typiaf.com\/?page_id=202\"><img loading=\"lazy\" decoding=\"async\" width=\"1200\" height=\"1200\" src=\"https:\/\/typiaf.com\/wp-content\/uploads\/2024\/01\/vert-piaf-18.jpg\" alt=\"Sweat enfant\" class=\"wp-image-205\" srcset=\"https:\/\/typiaf.com\/wp-content\/uploads\/2024\/01\/vert-piaf-18.jpg 1200w, https:\/\/typiaf.com\/wp-content\/uploads\/2024\/01\/vert-piaf-18-300x300.jpg 300w, https:\/\/typiaf.com\/wp-content\/uploads\/2024\/01\/vert-piaf-18-1024x1024.jpg 1024w, https:\/\/typiaf.com\/wp-content\/uploads\/2024\/01\/vert-piaf-18-150x150.jpg 150w, https:\/\/typiaf.com\/wp-content\/uploads\/2024\/01\/vert-piaf-18-768x768.jpg 768w\" sizes=\"auto, (max-width: 1200px) 100vw, 1200px\" \/><\/a><\/figure>\n<\/div>\n\n\n\n<div class=\"wp-block-column is-layout-flow wp-block-column-is-layout-flow\" style=\"flex-basis:100px\"><\/div>\n\n\n\n<div class=\"wp-block-column is-layout-flow wp-block-column-is-layout-flow\" style=\"flex-basis:250px\">\n<figure class=\"wp-block-image size-full\"><a href=\"https:\/\/typiaf.com\/?page_id=202#sweatadulte\"><img loading=\"lazy\" decoding=\"async\" width=\"1200\" height=\"1200\" src=\"https:\/\/typiaf.com\/wp-content\/uploads\/2024\/01\/gris-bzh-14.jpg\" alt=\"Sweat adulte\" class=\"wp-image-208\" srcset=\"https:\/\/typiaf.com\/wp-content\/uploads\/2024\/01\/gris-bzh-14.jpg 1200w, https:\/\/typiaf.com\/wp-content\/uploads\/2024\/01\/gris-bzh-14-300x300.jpg 300w, https:\/\/typiaf.com\/wp-content\/uploads\/2024\/01\/gris-bzh-14-1024x1024.jpg 1024w, https:\/\/typiaf.com\/wp-content\/uploads\/2024\/01\/gris-bzh-14-150x150.jpg 150w, https:\/\/typiaf.com\/wp-content\/uploads\/2024\/01\/gris-bzh-14-768x768.jpg 768w\" sizes=\"auto, (max-width: 1200px) 100vw, 1200px\" \/><\/a><\/figure>\n<\/div>\n<\/div>\n\n\n\n<div class=\"wp-block-group is-nowrap is-layout-flex wp-container-core-group-is-layout-6c531013 wp-block-group-is-layout-flex\">\n<div style=\"height:100px;width:34px\" aria-hidden=\"true\" class=\"wp-block-spacer wp-container-content-6c24486e\"><\/div>\n\n\n\n<figure class=\"wp-block-image size-full is-resized\"><a href=\"https:\/\/typiaf.com\/?page_id=202\"><img loading=\"lazy\" decoding=\"async\" width=\"160\" height=\"61\" src=\"https:\/\/typiaf.com\/wp-content\/uploads\/2024\/01\/titre-accueil-sweat-enfant.jpg\" alt=\"\" class=\"wp-image-315\" style=\"width:160px\"\/><\/a><\/figure>\n\n\n\n<div style=\"height:100px;width:166px\" aria-hidden=\"true\" class=\"wp-block-spacer wp-container-content-fd9767ce\"><\/div>\n\n\n\n<figure class=\"wp-block-image size-full is-resized\"><a href=\"https:\/\/typiaf.com\/?page_id=202#sweatadulte\"><img loading=\"lazy\" decoding=\"async\" width=\"180\" height=\"61\" src=\"https:\/\/typiaf.com\/wp-content\/uploads\/2024\/01\/titre-accueil-sweat-adulte.jpg\" alt=\"\" class=\"wp-image-314\" style=\"width:180px\"\/><\/a><\/figure>\n<\/div>\n","protected":false},"excerpt":{"rendered":"","protected":false},"author":1,"featured_media":0,"parent":0,"menu_order":0,"comment_status":"closed","ping_status":"closed","template":"","meta":{"footnotes":""},"class_list":["post-10","page","type-page","status-publish","hentry"],"yoast_head":"<!-- This site is optimized with the Yoast SEO plugin v21.8 - https:\/\/yoast.com\/wordpress\/plugins\/seo\/ -->\n<title>Illustrations et cr\u00e9ations artisanales pour enfant<\/title>\n<meta name=\"description\" content=\"Illustrations. Cr\u00e9ation artisanale d&#039;objets de d\u00e9coration pour chambre d&#039;enfant. Collection de t-shirts et de sweats aux motifs originaux et uniques pour toute la famille.\" \/>\n<meta name=\"robots\" content=\"index, follow, max-snippet:-1, max-image-preview:large, max-video-preview:-1\" \/>\n<link rel=\"canonical\" href=\"https:\/\/typiaf.com\/\" \/>\n<meta property=\"og:locale\" content=\"fr_FR\" \/>\n<meta property=\"og:type\" content=\"article\" \/>\n<meta property=\"og:title\" content=\"Illustrations et cr\u00e9ations artisanales pour enfant\" \/>\n<meta property=\"og:description\" content=\"Illustrations. Cr\u00e9ation artisanale d&#039;objets de d\u00e9coration pour chambre d&#039;enfant. Collection de t-shirts et de sweats aux motifs originaux et uniques pour toute la famille.\" \/>\n<meta property=\"og:url\" content=\"https:\/\/typiaf.com\/\" \/>\n<meta property=\"og:site_name\" content=\"Ty Piaf\" \/>\n<meta property=\"article:modified_time\" content=\"2024-01-15T14:54:28+00:00\" \/>\n<meta property=\"og:image\" content=\"http:\/\/typiaf.com\/wp-content\/uploads\/2024\/01\/bandeau-page-daccueil.jpg\" \/>\n<meta name=\"twitter:card\" content=\"summary_large_image\" \/>\n<meta name=\"twitter:label1\" content=\"Dur\u00e9e de lecture estim\u00e9e\" \/>\n\t<meta name=\"twitter:data1\" content=\"5 minutes\" \/>\n<script type=\"application\/ld+json\" class=\"yoast-schema-graph\">{\"@context\":\"https:\/\/schema.org\",\"@graph\":[{\"@type\":\"WebPage\",\"@id\":\"https:\/\/typiaf.com\/\",\"url\":\"https:\/\/typiaf.com\/\",\"name\":\"Illustrations et cr\u00e9ations artisanales pour enfant\",\"isPartOf\":{\"@id\":\"https:\/\/typiaf.com\/#website\"},\"datePublished\":\"2024-01-12T23:15:21+00:00\",\"dateModified\":\"2024-01-15T14:54:28+00:00\",\"description\":\"Illustrations. Cr\u00e9ation artisanale d'objets de d\u00e9coration pour chambre d'enfant. Collection de t-shirts et de sweats aux motifs originaux et uniques pour toute la famille.\",\"inLanguage\":\"fr-FR\",\"potentialAction\":[{\"@type\":\"ReadAction\",\"target\":[\"https:\/\/typiaf.com\/\"]}]},{\"@type\":\"WebSite\",\"@id\":\"https:\/\/typiaf.com\/#website\",\"url\":\"https:\/\/typiaf.com\/\",\"name\":\"Ty Piaf\",\"description\":\"\",\"potentialAction\":[{\"@type\":\"SearchAction\",\"target\":{\"@type\":\"EntryPoint\",\"urlTemplate\":\"https:\/\/typiaf.com\/?s={search_term_string}\"},\"query-input\":\"required name=search_term_string\"}],\"inLanguage\":\"fr-FR\"}]}<\/script>\n<!-- \/ Yoast SEO plugin. -->","yoast_head_json":{"title":"Illustrations et cr\u00e9ations artisanales pour enfant","description":"Illustrations. Cr\u00e9ation artisanale d'objets de d\u00e9coration pour chambre d'enfant. Collection de t-shirts et de sweats aux motifs originaux et uniques pour toute la famille.","robots":{"index":"index","follow":"follow","max-snippet":"max-snippet:-1","max-image-preview":"max-image-preview:large","max-video-preview":"max-video-preview:-1"},"canonical":"https:\/\/typiaf.com\/","og_locale":"fr_FR","og_type":"article","og_title":"Illustrations et cr\u00e9ations artisanales pour enfant","og_description":"Illustrations. Cr\u00e9ation artisanale d'objets de d\u00e9coration pour chambre d'enfant. Collection de t-shirts et de sweats aux motifs originaux et uniques pour toute la famille.","og_url":"https:\/\/typiaf.com\/","og_site_name":"Ty Piaf","article_modified_time":"2024-01-15T14:54:28+00:00","og_image":[{"url":"http:\/\/typiaf.com\/wp-content\/uploads\/2024\/01\/bandeau-page-daccueil.jpg"}],"twitter_card":"summary_large_image","twitter_misc":{"Dur\u00e9e de lecture estim\u00e9e":"5 minutes"},"schema":{"@context":"https:\/\/schema.org","@graph":[{"@type":"WebPage","@id":"https:\/\/typiaf.com\/","url":"https:\/\/typiaf.com\/","name":"Illustrations et cr\u00e9ations artisanales pour enfant","isPartOf":{"@id":"https:\/\/typiaf.com\/#website"},"datePublished":"2024-01-12T23:15:21+00:00","dateModified":"2024-01-15T14:54:28+00:00","description":"Illustrations. Cr\u00e9ation artisanale d'objets de d\u00e9coration pour chambre d'enfant. Collection de t-shirts et de sweats aux motifs originaux et uniques pour toute la famille.","inLanguage":"fr-FR","potentialAction":[{"@type":"ReadAction","target":["https:\/\/typiaf.com\/"]}]},{"@type":"WebSite","@id":"https:\/\/typiaf.com\/#website","url":"https:\/\/typiaf.com\/","name":"Ty Piaf","description":"","potentialAction":[{"@type":"SearchAction","target":{"@type":"EntryPoint","urlTemplate":"https:\/\/typiaf.com\/?s={search_term_string}"},"query-input":"required name=search_term_string"}],"inLanguage":"fr-FR"}]}},"_links":{"self":[{"href":"https:\/\/typiaf.com\/index.php?rest_route=\/wp\/v2\/pages\/10","targetHints":{"allow":["GET"]}}],"collection":[{"href":"https:\/\/typiaf.com\/index.php?rest_route=\/wp\/v2\/pages"}],"about":[{"href":"https:\/\/typiaf.com\/index.php?rest_route=\/wp\/v2\/types\/page"}],"author":[{"embeddable":true,"href":"https:\/\/typiaf.com\/index.php?rest_route=\/wp\/v2\/users\/1"}],"replies":[{"embeddable":true,"href":"https:\/\/typiaf.com\/index.php?rest_route=%2Fwp%2Fv2%2Fcomments&post=10"}],"version-history":[{"count":28,"href":"https:\/\/typiaf.com\/index.php?rest_route=\/wp\/v2\/pages\/10\/revisions"}],"predecessor-version":[{"id":486,"href":"https:\/\/typiaf.com\/index.php?rest_route=\/wp\/v2\/pages\/10\/revisions\/486"}],"wp:attachment":[{"href":"https:\/\/typiaf.com\/index.php?rest_route=%2Fwp%2Fv2%2Fmedia&parent=10"}],"curies":[{"name":"wp","href":"https:\/\/api.w.org\/{rel}","templated":true}]}}